{"id":355,"date":"2014-09-26T19:34:09","date_gmt":"2014-09-26T17:34:09","guid":{"rendered":"http:\/\/seth-polarlichter.de\/?page_id=355"},"modified":"2014-10-18T19:40:51","modified_gmt":"2014-10-18T17:40:51","slug":"beobachtung","status":"publish","type":"page","link":"http:\/\/seth-polarlichter.de\/?page_id=355","title":{"rendered":"Beobachten"},"content":{"rendered":"<h4><strong>Wenn ich mit diesen Seiten Ihr Interesse wecken konnte, es mal selber zu versuchen Polarlichter zu sehen, m\u00f6chte ich Ihnen hier ein paar Tipps geben, damit Ihre Chancen deutlich steigen. Aber eine Sichtung garantieren kann Ihnen niemand!<\/strong><\/h4>\n<h4>Es gibt mittlerweile sehr viele Internetseiten und Handy-Apps die sich mit der Vorhersage von Polarlichtern, bzw. Sonnenst\u00fcrmen befassen. In den meisten F\u00e4llen gibt es einen Vorlauf von ein bis zwei Tagen von der Eruption auf der Sonne bis zum Eintreffen der Teilchen auf der Erde.\u00a0Auch auf meiner Seite finden Sie eine 3<a title=\"Vorhersage\" href=\"http:\/\/seth-polarlichter.de\/?page_id=262\"><span style=\"color: #0000ff;\">-Tages-Vorschau<\/span> <\/a>f\u00fcr Norddeutschland.<\/h4>\n<h4><strong>Damit Sie nicht erst\u00a0nach einem Beobachtungsstandort suchen m\u00fcssen,\u00a0wenn es &#8222;ernst&#8220; wird, sollten Sie sich vorher schon mal in Ihrer Umgebung umsehen. Wichtig ist:<\/strong><\/h4>\n<h4 style=\"padding-left: 60px;\"><span style=\"color: #000000;\"><img loading=\"lazy\" decoding=\"async\" class=\"alignright wp-image-692 size-column2-3\/5\" src=\"http:\/\/seth-polarlichter.de\/wp-content\/uploads\/2014\/09\/DSC1736-480x288.jpg\" alt=\"_DSC1736\" width=\"480\" height=\"288\" srcset=\"http:\/\/seth-polarlichter.de\/wp-content\/uploads\/2014\/09\/DSC1736-480x288.jpg 480w, http:\/\/seth-polarlichter.de\/wp-content\/uploads\/2014\/09\/DSC1736-960x576.jpg 960w, http:\/\/seth-polarlichter.de\/wp-content\/uploads\/2014\/09\/DSC1736-320x192.jpg 320w, http:\/\/seth-polarlichter.de\/wp-content\/uploads\/2014\/09\/DSC1736-240x144.jpg 240w\" sizes=\"(max-width: 480px) 100vw, 480px\" \/>Ein freier Blick in Richtung Norden. Da die Polarlichter bei uns meistens sehr flach \u00fcber dem Horizont erscheinen, sollten Knicks, W\u00e4lder, H\u00e4user usw. nicht in unmittelbarer N\u00e4he sein. Du solltest auch drauf achten, dass Du mit Deinen Aufnahmen nicht die Pers\u00f6nlichkeitsrechte von den Anwohnern verletzt. Auf dem rechten Bild siehst Du meinen Beobachtungsplatz am Tag. Besonders sch\u00f6n finde ich, die gro\u00dfe Eiche vorne im Bild. Durch den Baum bekommen die Bilder eine Tiefe und sehen nicht ganz so langweilig aus. <\/span><\/h4>\n<h4 style=\"padding-left: 60px;\"><img loading=\"lazy\" decoding=\"async\" class=\"alignleft wp-image-512\" src=\"http:\/\/seth-polarlichter.de\/wp-content\/uploads\/2014\/09\/Screenshot_Lichtverschmutzung-300x168.jpg\" alt=\"\" width=\"356\" height=\"200\" srcset=\"http:\/\/seth-polarlichter.de\/wp-content\/uploads\/2014\/09\/Screenshot_Lichtverschmutzung-300x168.jpg 300w, http:\/\/seth-polarlichter.de\/wp-content\/uploads\/2014\/09\/Screenshot_Lichtverschmutzung-150x84.jpg 150w, http:\/\/seth-polarlichter.de\/wp-content\/uploads\/2014\/09\/Screenshot_Lichtverschmutzung.jpg 400w\" sizes=\"(max-width: 356px) 100vw, 356px\" \/>Sehr wichtig ist auch, das es in Richtung Norden auch keine Orte oder Industrieanlagen gibt. Diese st\u00f6ren mit ihrer n\u00e4chtlichen Beleuchtung stark die Bilder.<br \/>\nDas Bild links zeigt einen Kartenausschnitt vom s\u00fcdlichen Schleswig Holstein. Es ist sehr gut zu erkennen, wie stark die gro\u00dfen Orte und St\u00e4dte leuchten. Unmittelbar in der N\u00e4he solcher &#8222;lichtverschmutzter Orte&#8220; sinkt die Chance auf eine Sichtung stark. Die Lichtverschmutzung auf meinen Bildern stammt von dem Industriegebiet in Wittenborn, dies ist ca. 8 km (Luftlinie) von meinem Standort entfernt.<\/h4>\n<h4 style=\"padding-left: 60px;\"><span style=\"color: #000000;\"><span style=\"color: #000000;\">Weiterhin\u00a0wichtig ist auch ein Blick auf das Wetter, besonders auf die Wolken und den Mond. Der Himmel sollte nicht zu stark bew\u00f6lkt sein, da die Polarlichter in 80 bis 150 km H\u00f6he in der Atmosph\u00e4re entstehen. Sie werden also auf jeden Fall von den Wolken verdeckt. In einer hellen Mondnacht wird das Beobachten ebenfalls schwerer.<\/span><\/span><\/h4>\n<h4 style=\"padding-left: 60px;\"><span style=\"color: #000000;\"><img loading=\"lazy\" decoding=\"async\" class=\"alignright wp-image-697 size-column2-3\/5\" src=\"http:\/\/seth-polarlichter.de\/wp-content\/uploads\/2014\/09\/DSC1740-480x288.jpg\" alt=\"\" width=\"480\" height=\"288\" srcset=\"http:\/\/seth-polarlichter.de\/wp-content\/uploads\/2014\/09\/DSC1740-480x288.jpg 480w, http:\/\/seth-polarlichter.de\/wp-content\/uploads\/2014\/09\/DSC1740-960x576.jpg 960w, http:\/\/seth-polarlichter.de\/wp-content\/uploads\/2014\/09\/DSC1740-320x192.jpg 320w, http:\/\/seth-polarlichter.de\/wp-content\/uploads\/2014\/09\/DSC1740-240x144.jpg 240w\" sizes=\"(max-width: 480px) 100vw, 480px\" \/>Wenn\u00a0Dein Beobachtungplatz noch etwas Windschutz bietet oder\u00a0Du ihn direkt mit dem Auto erreichen kannst, ist es auch sehr praktisch, denn die N\u00e4chte k\u00f6nnen doch sehr kalt und lang werden. Wenn dann aber Polarlichter zu sehen sind, ist dies ganz schnell nur noch nebens\u00e4chlich. Ganz wichtig ist aber, wenn Du Dich f\u00fcr ein Feld als Beobachtungsplatz entscheidest, denk dran, der Landwirt verdient damit sein Geld. Also nicht einfach quer durch das Feld laufen, um den besten Platz zu finden. \u00a0<\/span><\/h4>\n<h4>Ich empfehle\u00a0Dir, zum Beobachten eine gute Kamera mitzunehmen, denn das Kameraauge sieht deutlich mehr als das menschliche Auge!<\/h4>\n<h4><span style=\"color: #0000ff;\"><a style=\"color: #0000ff;\" title=\"Polarlichter selber fotografieren\" href=\"http:\/\/seth-polarlichter.de\/?page_id=346\">Mehr zum Fotografieren findest Du\u00a0hier.<\/a><\/span><\/h4>\n","protected":false},"excerpt":{"rendered":"<p>Wenn ich mit diesen Seiten Ihr Interesse wecken konnte, es mal selber zu versuchen Polarlichter zu sehen, m\u00f6chte ich Ihnen hier ein paar Tipps geben, damit Ihre Chancen deutlich steigen. Aber eine Sichtung garantieren kann<a class=\"read-more\" href=\"http:\/\/seth-polarlichter.de\/?page_id=355\">Continue reading<\/a><\/p>\n","protected":false},"author":1,"featured_media":0,"parent":0,"menu_order":1,"comment_status":"closed","ping_status":"closed","template":"","meta":{"footnotes":""},"_links":{"self":[{"href":"http:\/\/seth-polarlichter.de\/index.php?rest_route=\/wp\/v2\/pages\/355"}],"collection":[{"href":"http:\/\/seth-polarlichter.de\/index.php?rest_route=\/wp\/v2\/pages"}],"about":[{"href":"http:\/\/seth-polarlichter.de\/index.php?rest_route=\/wp\/v2\/types\/page"}],"author":[{"embeddable":true,"href":"http:\/\/seth-polarlichter.de\/index.php?rest_route=\/wp\/v2\/users\/1"}],"replies":[{"embeddable":true,"href":"http:\/\/seth-polarlichter.de\/index.php?rest_route=%2Fwp%2Fv2%2Fcomments&post=355"}],"version-history":[{"count":96,"href":"http:\/\/seth-polarlichter.de\/index.php?rest_route=\/wp\/v2\/pages\/355\/revisions"}],"predecessor-version":[{"id":866,"href":"http:\/\/seth-polarlichter.de\/index.php?rest_route=\/wp\/v2\/pages\/355\/revisions\/866"}],"wp:attachment":[{"href":"http:\/\/seth-polarlichter.de\/index.php?rest_route=%2Fwp%2Fv2%2Fmedia&parent=355"}],"curies":[{"name":"wp","href":"https:\/\/api.w.org\/{rel}","templated":true}]}}